{"id":110,"date":"2019-11-26T12:23:06","date_gmt":"2019-11-26T15:23:06","guid":{"rendered":"https:\/\/demosites.io\/blogger-gb\/?page_id=6"},"modified":"2025-11-03T19:53:17","modified_gmt":"2025-11-03T22:53:17","slug":"582c1-blogger-gb-about","status":"publish","type":"page","link":"https:\/\/astralmika.com\/?page_id=110","title":{"rendered":"Manifiesto"},"content":{"rendered":"\n<div class=\"wp-block-cover alignfull is-light\" style=\"min-height:390px;aspect-ratio:unset;\"><img loading=\"lazy\" decoding=\"async\" width=\"1200\" height=\"803\" class=\"wp-block-cover__image-background wp-image-540\" alt=\"\" src=\"http:\/\/astralmika.com\/wp-content\/uploads\/2025\/08\/manifiesto.jpg\" style=\"object-position:67% 92%\" data-object-fit=\"cover\" data-object-position=\"67% 92%\" srcset=\"https:\/\/astralmika.com\/wp-content\/uploads\/2025\/08\/manifiesto.jpg 1200w, https:\/\/astralmika.com\/wp-content\/uploads\/2025\/08\/manifiesto-300x201.jpg 300w, https:\/\/astralmika.com\/wp-content\/uploads\/2025\/08\/manifiesto-1024x685.jpg 1024w, https:\/\/astralmika.com\/wp-content\/uploads\/2025\/08\/manifiesto-768x514.jpg 768w\" sizes=\"auto, (max-width: 1200px) 100vw, 1200px\" \/><span aria-hidden=\"true\" class=\"wp-block-cover__background has-neve-text-color-background-color has-background-dim-20 has-background-dim\"><\/span><div class=\"wp-block-cover__inner-container is-layout-flow wp-block-cover-is-layout-flow\">\n<h1 class=\"wp-block-heading has-text-align-center has-white-color has-text-color\" style=\"font-size:44px\"><strong>MANIFIESTO<\/strong>            <\/h1>\n\n\n\n<div style=\"height:0px\" aria-hidden=\"true\" class=\"wp-block-spacer\"><\/div>\n<\/div><\/div>\n\n\n\n<div class=\"wp-block-group alignfull has-background\" style=\"background-color:#f6f6f6;padding-top:6vw;padding-right:6vw;padding-bottom:6vw;padding-left:6vw\"><div class=\"wp-block-group__inner-container is-layout-flow wp-block-group-is-layout-flow\">\n<p class=\"has-text-align-center\" style=\"font-size:41px\">\ud80c\udc50<\/p>\n\n\n\n<p class=\"has-text-align-center\" style=\"font-size:17px\">Transformar para hacer habitable.<br>Resignificar para liberar.<br>Fertilizar lo inh\u00f3spito para florecer y ser bosque.<br><\/p>\n\n\n\n<p class=\"has-text-align-center\" style=\"font-size:30px\">\ud83d\udf1a<\/p>\n\n\n\n<div class=\"wp-block-group alignwide is-vertical is-nowrap is-layout-flex wp-container-core-group-is-layout-8171334d wp-block-group-is-layout-flex\" style=\"padding-top:0;padding-right:0;padding-bottom:0;padding-left:0\">\n<div class=\"wp-block-columns alignwide is-layout-flex wp-container-core-columns-is-layout-2656d967 wp-block-columns-is-layout-flex\">\n<div class=\"wp-block-column is-layout-flow wp-block-column-is-layout-flow\" style=\"flex-basis:33.38%\">\n<p class=\"has-text-align-center has-neve-text-color-color has-text-color has-link-color wp-elements-5130ad8616ec1decfa99cb4573c50601\"><br>Soy Luciana, hija de la tierra, <br>mi alma me precede, mi historia es mi danza&nbsp; y en la trama de la vida me despliego. <br>Comparto la selva que soy y me habita, y ofrezco lo que me ha nutrido. Creo en la humanidad como la gran experiencia natural y espiritual que es. Honro la sabidur\u00eda del cuerpo y de la Naturaleza como la gu\u00eda m\u00e1s sincera para cualquier crecimiento y conocimiento. Mi b\u00fasqueda y mi intenci\u00f3n es vivir una vida consciente del ser humano c\u00f3smico que somos<br>.<br>.<br>.<br><\/p>\n<\/div>\n\n\n\n<div class=\"wp-block-column is-layout-flow wp-block-column-is-layout-flow\" style=\"flex-basis:33%\">\n<div class=\"wp-block-cover\" style=\"min-height:458px;aspect-ratio:unset;\"><img loading=\"lazy\" decoding=\"async\" width=\"1696\" height=\"2560\" class=\"wp-block-cover__image-background wp-image-708\" alt=\"\" src=\"https:\/\/astralmika.com\/wp-content\/uploads\/2025\/08\/path-to-the-soul-scaled.jpg\" data-object-fit=\"cover\" srcset=\"https:\/\/astralmika.com\/wp-content\/uploads\/2025\/08\/path-to-the-soul-scaled.jpg 1696w, https:\/\/astralmika.com\/wp-content\/uploads\/2025\/08\/path-to-the-soul-199x300.jpg 199w, https:\/\/astralmika.com\/wp-content\/uploads\/2025\/08\/path-to-the-soul-678x1024.jpg 678w, https:\/\/astralmika.com\/wp-content\/uploads\/2025\/08\/path-to-the-soul-768x1159.jpg 768w, https:\/\/astralmika.com\/wp-content\/uploads\/2025\/08\/path-to-the-soul-1018x1536.jpg 1018w, https:\/\/astralmika.com\/wp-content\/uploads\/2025\/08\/path-to-the-soul-1357x2048.jpg 1357w\" sizes=\"auto, (max-width: 1696px) 100vw, 1696px\" \/><span aria-hidden=\"true\" class=\"wp-block-cover__background has-background-dim-20 has-background-dim\"><\/span><div class=\"wp-block-cover__inner-container is-layout-flow wp-block-cover-is-layout-flow\">\n<p class=\"has-text-align-center has-nv-light-bg-color has-text-color has-large-font-size\">\u2609<\/p>\n<\/div><\/div>\n\n\n\n<div style=\"height:2vw\" aria-hidden=\"true\" class=\"wp-block-spacer\"><\/div>\n<\/div>\n\n\n\n<div class=\"wp-block-column is-layout-flow wp-block-column-is-layout-flow\" style=\"flex-basis:33.62%\">\n<p class=\"has-text-align-center\"><br><strong>La Astrolog\u00eda<\/strong>, es <em>la ra\u00edz de este espacio<\/em>, y el lenguaje del cosmos. Nos cuenta sobre la calidad y cualidad del tiempo. Nos posibilita comprender, observar y vivir la vida de forma m\u00e1s conectada, arm\u00f3nica y sincr\u00f3nica. Nos da la oportunidad de entender nuestras maneras \u00fanicas de expresi\u00f3n para relacionarnos con el mundo de un modo m\u00e1s, amoroso y receptivo.<br><br>\u25b2<\/p>\n\n\n\n<figure class=\"wp-block-image size-large\"><img loading=\"lazy\" decoding=\"async\" width=\"1024\" height=\"691\" src=\"https:\/\/astralmika.com\/wp-content\/uploads\/2025\/08\/luna-me-derrito-1-1024x691.jpg\" alt=\"\" class=\"wp-image-706\" srcset=\"https:\/\/astralmika.com\/wp-content\/uploads\/2025\/08\/luna-me-derrito-1-1024x691.jpg 1024w, https:\/\/astralmika.com\/wp-content\/uploads\/2025\/08\/luna-me-derrito-1-300x203.jpg 300w, https:\/\/astralmika.com\/wp-content\/uploads\/2025\/08\/luna-me-derrito-1-768x519.jpg 768w, https:\/\/astralmika.com\/wp-content\/uploads\/2025\/08\/luna-me-derrito-1.jpg 1481w\" sizes=\"auto, (max-width: 1024px) 100vw, 1024px\" \/><\/figure>\n<\/div>\n<\/div>\n\n\n\n<div style=\"height:33px\" aria-hidden=\"true\" class=\"wp-block-spacer wp-container-content-67de619e\"><\/div>\n\n\n\n<div class=\"wp-block-columns alignwide is-layout-flex wp-container-core-columns-is-layout-724a882f wp-block-columns-is-layout-flex\">\n<div class=\"wp-block-column is-vertically-aligned-center is-layout-flow wp-block-column-is-layout-flow\" style=\"flex-basis:33%\">\n<p class=\"has-text-align-center\">\ud83d\udf1b<br><br><strong>Astralmika<\/strong> nace del llamado a compartir lo aprendido y de honrar las herramientas que he recibido en mi camino. <br>Este jard\u00edn virtual, es un espacio para que cada visitante, si as\u00ed lo desea, pueda nutrirse, cultivar y desplegar el gran tesoro que su semilla guarda.<\/p>\n<\/div>\n\n\n\n<div class=\"wp-block-column is-layout-flow wp-block-column-is-layout-flow\" style=\"flex-basis:69%\">\n<figure class=\"wp-block-image size-large is-resized\"><img loading=\"lazy\" decoding=\"async\" width=\"1024\" height=\"691\" src=\"https:\/\/astralmika.com\/wp-content\/uploads\/2025\/08\/manifiesto-flower-me-1024x691.jpg\" alt=\"\" class=\"wp-image-707\" style=\"width:567px;height:auto\" srcset=\"https:\/\/astralmika.com\/wp-content\/uploads\/2025\/08\/manifiesto-flower-me-1024x691.jpg 1024w, https:\/\/astralmika.com\/wp-content\/uploads\/2025\/08\/manifiesto-flower-me-300x203.jpg 300w, https:\/\/astralmika.com\/wp-content\/uploads\/2025\/08\/manifiesto-flower-me-768x519.jpg 768w, https:\/\/astralmika.com\/wp-content\/uploads\/2025\/08\/manifiesto-flower-me.jpg 1481w\" sizes=\"auto, (max-width: 1024px) 100vw, 1024px\" \/><\/figure>\n<\/div>\n<\/div>\n<\/div>\n<\/div><\/div>\n\n\n\n<div id=\"wp-block-themeisle-blocks-advanced-columns-e1c76d31\" class=\"wp-block-themeisle-blocks-advanced-columns alignfull has-1-columns has-desktop-equal-layout has-tablet-equal-layout has-mobile-equal-layout has-vertical-bottom ticss-c00aadba\"><div class=\"wp-block-themeisle-blocks-advanced-columns-overlay\"><\/div><div class=\"innerblocks-wrap\">\n<div id=\"wp-block-themeisle-blocks-advanced-column-1538d2eb\" class=\"wp-block-themeisle-blocks-advanced-column\">\n<p class=\"has-text-align-center has-nv-site-bg-color has-text-color\">\u263e<\/p>\n\n\n\n<p class=\"has-text-align-center has-nv-text-dark-bg-color has-text-color\" style=\"font-size:16px\">Con amor,<br> Luciana Larrarte<br>\u221e<\/p>\n\n\n\n<p class=\"has-text-align-center has-nv-text-dark-bg-color has-text-color\" style=\"font-size:14px\">Mas sobre mi <a href=\"https:\/\/astralmika.com\/?page_id=1051\" target=\"_blank\" rel=\"noopener\" title=\"\">aqu\u00ed.<\/a><br><br><\/p>\n<\/div>\n<\/div><\/div>\n\n\n\n<div id=\"wp-block-themeisle-blocks-advanced-columns-b9151231\" class=\"wp-block-themeisle-blocks-advanced-columns has-1-columns has-desktop-equal-layout has-tablet-equal-layout has-mobile-equal-layout has-vertical-unset\"><div class=\"wp-block-themeisle-blocks-advanced-columns-overlay\"><\/div><div class=\"innerblocks-wrap\">\n<div id=\"wp-block-themeisle-blocks-advanced-column-641822b3\" class=\"wp-block-themeisle-blocks-advanced-column\">\n<p class=\"has-text-align-center\" style=\"font-size:26px\">\u269a<\/p>\n<\/div>\n<\/div><\/div>\n\n\n\n<div class=\"wp-block-group alignfull has-contrast-color has-nv-site-bg-background-color has-text-color has-background is-vertical is-content-justification-center is-layout-flex wp-container-core-group-is-layout-f1198d31 wp-block-group-is-layout-flex\" style=\"min-height:40vh;margin-top:0;margin-bottom:0;padding-top:var(--wp--preset--spacing--60);padding-right:var(--wp--preset--spacing--50);padding-bottom:var(--wp--preset--spacing--60);padding-left:var(--wp--preset--spacing--50)\">\n<p class=\"has-text-align-center has-text-color has-small-font-size\" style=\"color:#ccb988\"> <br>\u263d \u2609 \u263e <\/p>\n\n\n<div style=\"margin-bottom:6px;\" class=\"aligncenter wp-block-site-logo\"><a href=\"https:\/\/astralmika.com\/\" class=\"custom-logo-link\" rel=\"home\"><img loading=\"lazy\" decoding=\"async\" width=\"111\" height=\"114\" src=\"https:\/\/astralmika.com\/wp-content\/uploads\/2024\/03\/logo-silver.gif\" class=\"custom-logo\" alt=\"astralmika\" \/><\/a><\/div>\n\n\n<ul class=\"wp-block-social-links has-icon-color is-style-logos-only is-layout-flex wp-block-social-links-is-layout-flex\"><li style=\"color:var(--nv-dark-bg);\" class=\"wp-social-link wp-social-link-whatsapp has-nv-dark-bg-color wp-block-social-link\"><a href=\"https:\/\/wa.me\/5493518190989\" class=\"wp-block-social-link-anchor\"><svg width=\"24\" height=\"24\" viewBox=\"0 0 24 24\" version=\"1.1\" xmlns=\"http:\/\/www.w3.org\/2000\/svg\" aria-hidden=\"true\" focusable=\"false\"><path d=\"M 12.011719 2 C 6.5057187 2 2.0234844 6.478375 2.0214844 11.984375 C 2.0204844 13.744375 2.4814687 15.462563 3.3554688 16.976562 L 2 22 L 7.2324219 20.763672 C 8.6914219 21.559672 10.333859 21.977516 12.005859 21.978516 L 12.009766 21.978516 C 17.514766 21.978516 21.995047 17.499141 21.998047 11.994141 C 22.000047 9.3251406 20.962172 6.8157344 19.076172 4.9277344 C 17.190172 3.0407344 14.683719 2.001 12.011719 2 z M 12.009766 4 C 14.145766 4.001 16.153109 4.8337969 17.662109 6.3417969 C 19.171109 7.8517969 20.000047 9.8581875 19.998047 11.992188 C 19.996047 16.396187 16.413812 19.978516 12.007812 19.978516 C 10.674812 19.977516 9.3544062 19.642812 8.1914062 19.007812 L 7.5175781 18.640625 L 6.7734375 18.816406 L 4.8046875 19.28125 L 5.2851562 17.496094 L 5.5019531 16.695312 L 5.0878906 15.976562 C 4.3898906 14.768562 4.0204844 13.387375 4.0214844 11.984375 C 4.0234844 7.582375 7.6067656 4 12.009766 4 z M 8.4765625 7.375 C 8.3095625 7.375 8.0395469 7.4375 7.8105469 7.6875 C 7.5815469 7.9365 6.9355469 8.5395781 6.9355469 9.7675781 C 6.9355469 10.995578 7.8300781 12.182609 7.9550781 12.349609 C 8.0790781 12.515609 9.68175 15.115234 12.21875 16.115234 C 14.32675 16.946234 14.754891 16.782234 15.212891 16.740234 C 15.670891 16.699234 16.690438 16.137687 16.898438 15.554688 C 17.106437 14.971687 17.106922 14.470187 17.044922 14.367188 C 16.982922 14.263188 16.816406 14.201172 16.566406 14.076172 C 16.317406 13.951172 15.090328 13.348625 14.861328 13.265625 C 14.632328 13.182625 14.464828 13.140625 14.298828 13.390625 C 14.132828 13.640625 13.655766 14.201187 13.509766 14.367188 C 13.363766 14.534188 13.21875 14.556641 12.96875 14.431641 C 12.71875 14.305641 11.914938 14.041406 10.960938 13.191406 C 10.218937 12.530406 9.7182656 11.714844 9.5722656 11.464844 C 9.4272656 11.215844 9.5585938 11.079078 9.6835938 10.955078 C 9.7955938 10.843078 9.9316406 10.663578 10.056641 10.517578 C 10.180641 10.371578 10.223641 10.267562 10.306641 10.101562 C 10.389641 9.9355625 10.347156 9.7890625 10.285156 9.6640625 C 10.223156 9.5390625 9.737625 8.3065 9.515625 7.8125 C 9.328625 7.3975 9.131125 7.3878594 8.953125 7.3808594 C 8.808125 7.3748594 8.6425625 7.375 8.4765625 7.375 z\"><\/path><\/svg><span class=\"wp-block-social-link-label screen-reader-text\">WhatsApp<\/span><\/a><\/li>\n\n<li style=\"color:var(--nv-dark-bg);\" class=\"wp-social-link wp-social-link-mail has-nv-dark-bg-color wp-block-social-link\"><a href=\"mailto:&#104;&#111;la&#064;&#097;st&#114;&#097;&#108;mik&#097;&#046;c&#111;&#109;\" class=\"wp-block-social-link-anchor\"><svg width=\"24\" height=\"24\" viewBox=\"0 0 24 24\" version=\"1.1\" xmlns=\"http:\/\/www.w3.org\/2000\/svg\" aria-hidden=\"true\" focusable=\"false\"><path d=\"M19,5H5c-1.1,0-2,.9-2,2v10c0,1.1.9,2,2,2h14c1.1,0,2-.9,2-2V7c0-1.1-.9-2-2-2zm.5,12c0,.3-.2.5-.5.5H5c-.3,0-.5-.2-.5-.5V9.8l7.5,5.6,7.5-5.6V17zm0-9.1L12,13.6,4.5,7.9V7c0-.3.2-.5.5-.5h14c.3,0,.5.2.5.5v.9z\"><\/path><\/svg><span class=\"wp-block-social-link-label screen-reader-text\">Mail<\/span><\/a><\/li>\n\n<li style=\"color:var(--nv-dark-bg);\" class=\"wp-social-link wp-social-link-instagram has-nv-dark-bg-color wp-block-social-link\"><a href=\"https:\/\/www.instagram.com\/astralmika\/\" class=\"wp-block-social-link-anchor\"><svg width=\"24\" height=\"24\" viewBox=\"0 0 24 24\" version=\"1.1\" xmlns=\"http:\/\/www.w3.org\/2000\/svg\" aria-hidden=\"true\" focusable=\"false\"><path d=\"M12,4.622c2.403,0,2.688,0.009,3.637,0.052c0.877,0.04,1.354,0.187,1.671,0.31c0.42,0.163,0.72,0.358,1.035,0.673 c0.315,0.315,0.51,0.615,0.673,1.035c0.123,0.317,0.27,0.794,0.31,1.671c0.043,0.949,0.052,1.234,0.052,3.637 s-0.009,2.688-0.052,3.637c-0.04,0.877-0.187,1.354-0.31,1.671c-0.163,0.42-0.358,0.72-0.673,1.035 c-0.315,0.315-0.615,0.51-1.035,0.673c-0.317,0.123-0.794,0.27-1.671,0.31c-0.949,0.043-1.233,0.052-3.637,0.052 s-2.688-0.009-3.637-0.052c-0.877-0.04-1.354-0.187-1.671-0.31c-0.42-0.163-0.72-0.358-1.035-0.673 c-0.315-0.315-0.51-0.615-0.673-1.035c-0.123-0.317-0.27-0.794-0.31-1.671C4.631,14.688,4.622,14.403,4.622,12 s0.009-2.688,0.052-3.637c0.04-0.877,0.187-1.354,0.31-1.671c0.163-0.42,0.358-0.72,0.673-1.035 c0.315-0.315,0.615-0.51,1.035-0.673c0.317-0.123,0.794-0.27,1.671-0.31C9.312,4.631,9.597,4.622,12,4.622 M12,3 C9.556,3,9.249,3.01,8.289,3.054C7.331,3.098,6.677,3.25,6.105,3.472C5.513,3.702,5.011,4.01,4.511,4.511 c-0.5,0.5-0.808,1.002-1.038,1.594C3.25,6.677,3.098,7.331,3.054,8.289C3.01,9.249,3,9.556,3,12c0,2.444,0.01,2.751,0.054,3.711 c0.044,0.958,0.196,1.612,0.418,2.185c0.23,0.592,0.538,1.094,1.038,1.594c0.5,0.5,1.002,0.808,1.594,1.038 c0.572,0.222,1.227,0.375,2.185,0.418C9.249,20.99,9.556,21,12,21s2.751-0.01,3.711-0.054c0.958-0.044,1.612-0.196,2.185-0.418 c0.592-0.23,1.094-0.538,1.594-1.038c0.5-0.5,0.808-1.002,1.038-1.594c0.222-0.572,0.375-1.227,0.418-2.185 C20.99,14.751,21,14.444,21,12s-0.01-2.751-0.054-3.711c-0.044-0.958-0.196-1.612-0.418-2.185c-0.23-0.592-0.538-1.094-1.038-1.594 c-0.5-0.5-1.002-0.808-1.594-1.038c-0.572-0.222-1.227-0.375-2.185-0.418C14.751,3.01,14.444,3,12,3L12,3z M12,7.378 c-2.552,0-4.622,2.069-4.622,4.622S9.448,16.622,12,16.622s4.622-2.069,4.622-4.622S14.552,7.378,12,7.378z M12,15 c-1.657,0-3-1.343-3-3s1.343-3,3-3s3,1.343,3,3S13.657,15,12,15z M16.804,6.116c-0.596,0-1.08,0.484-1.08,1.08 s0.484,1.08,1.08,1.08c0.596,0,1.08-0.484,1.08-1.08S17.401,6.116,16.804,6.116z\"><\/path><\/svg><span class=\"wp-block-social-link-label screen-reader-text\">Instagram<\/span><\/a><\/li><\/ul>\n\n\n\n<p class=\"has-text-align-center has-text-color\" style=\"color:#ccb988;font-size:11px\">\u263d \u25ec \u263e<br>Astralmika <br>im\u00e1genes y textos <br>\u00a9 Luciana Larrarte <br><\/p>\n<\/div>\n","protected":false},"excerpt":{"rendered":"<p>\ud80c\udc50 Transformar para hacer habitable.Resignificar para liberar.Fertilizar lo inh\u00f3spito para florecer y ser bosque. \ud83d\udf1a Soy Luciana, hija de la tierra, mi alma me precede, mi historia es mi danza&nbsp; y en la trama de la vida me despliego. Comparto la selva que soy y me habita, y ofrezco lo que me ha nutrido. Creo&hellip;&nbsp;<a href=\"https:\/\/astralmika.com\/?page_id=110\" rel=\"bookmark\">Read More &raquo;<span class=\"screen-reader-text\">Manifiesto<\/span><\/a><\/p>\n","protected":false},"author":1,"featured_media":0,"parent":0,"menu_order":0,"comment_status":"closed","ping_status":"closed","template":"","meta":{"om_disable_all_campaigns":false,"_monsterinsights_skip_tracking":false,"_monsterinsights_sitenote_active":false,"_monsterinsights_sitenote_note":"","_monsterinsights_sitenote_category":0,"neve_meta_sidebar":"full-width","neve_meta_container":"","neve_meta_enable_content_width":"on","neve_meta_content_width":100,"neve_meta_title_alignment":"","neve_meta_author_avatar":"","neve_post_elements_order":"","neve_meta_disable_header":"off","neve_meta_disable_footer":"on","neve_meta_disable_title":"on","_themeisle_gutenberg_block_has_review":false,"footnotes":""},"class_list":["post-110","page","type-page","status-publish","hentry"],"aioseo_notices":[],"_links":{"self":[{"href":"https:\/\/astralmika.com\/index.php?rest_route=\/wp\/v2\/pages\/110","targetHints":{"allow":["GET"]}}],"collection":[{"href":"https:\/\/astralmika.com\/index.php?rest_route=\/wp\/v2\/pages"}],"about":[{"href":"https:\/\/astralmika.com\/index.php?rest_route=\/wp\/v2\/types\/page"}],"author":[{"embeddable":true,"href":"https:\/\/astralmika.com\/index.php?rest_route=\/wp\/v2\/users\/1"}],"replies":[{"embeddable":true,"href":"https:\/\/astralmika.com\/index.php?rest_route=%2Fwp%2Fv2%2Fcomments&post=110"}],"version-history":[{"count":125,"href":"https:\/\/astralmika.com\/index.php?rest_route=\/wp\/v2\/pages\/110\/revisions"}],"predecessor-version":[{"id":1171,"href":"https:\/\/astralmika.com\/index.php?rest_route=\/wp\/v2\/pages\/110\/revisions\/1171"}],"wp:attachment":[{"href":"https:\/\/astralmika.com\/index.php?rest_route=%2Fwp%2Fv2%2Fmedia&parent=110"}],"curies":[{"name":"wp","href":"https:\/\/api.w.org\/{rel}","templated":true}]}}